{"id":45232,"date":"2024-09-12T13:22:09","date_gmt":"2024-09-12T11:22:09","guid":{"rendered":"https:\/\/congotranding.wortispay.cg\/?post_type=product&#038;p=45232"},"modified":"2025-11-10T13:34:24","modified_gmt":"2025-11-10T12:34:24","slug":"masque-teke-tsaye-kidumu","status":"publish","type":"product","link":"https:\/\/congotranding.wortispay.cg\/index.php\/produit\/masque-teke-tsaye-kidumu\/","title":{"rendered":"Masque Teke Tsaye Kidumu"},"content":{"rendered":"<p>Masque de la soci\u00e9t\u00e9 Kidumu, dans le district de Zanaga, en la r\u00e9publique du Congo.\u00a0 Les Tekes fabriquent des masques de danse de forme lunaire, plats et d\u00e9cor\u00e9s de symboles. Cette soci\u00e9t\u00e9 est une institution politique et religieuse cr\u00e9\u00e9e il y a plus ou moins 150 ans \u00e0 l&rsquo;occasion de la scission des Tsaye de l&rsquo;ethnie m\u00e8re. Kidumu patronne les grands \u00e9v\u00e9nements de la vie sociale : circoncision, mariage ou d\u00e9c\u00e8s de chefs, alliances et jugements.<\/p>\n","protected":false},"excerpt":{"rendered":"<p>Les Tsaye traitent le visage humain d&rsquo;une fa\u00e7on abstraite et charg\u00e9e de symbolisme. Sue le pourtour sont pr\u00e9vus des trous pour fixer une coiffure de plumes et une barbe de re raphia.<\/p>\n","protected":false},"featured_media":45233,"comment_status":"open","ping_status":"closed","template":"","meta":[],"product_cat":[146],"product_tag":[],"_links":{"self":[{"href":"https:\/\/congotranding.wortispay.cg\/index.php\/wp-json\/wp\/v2\/product\/45232"}],"collection":[{"href":"https:\/\/congotranding.wortispay.cg\/index.php\/wp-json\/wp\/v2\/product"}],"about":[{"href":"https:\/\/congotranding.wortispay.cg\/index.php\/wp-json\/wp\/v2\/types\/product"}],"replies":[{"embeddable":true,"href":"https:\/\/congotranding.wortispay.cg\/index.php\/wp-json\/wp\/v2\/comments?post=45232"}],"wp:featuredmedia":[{"embeddable":true,"href":"https:\/\/congotranding.wortispay.cg\/index.php\/wp-json\/wp\/v2\/media\/45233"}],"wp:attachment":[{"href":"https:\/\/congotranding.wortispay.cg\/index.php\/wp-json\/wp\/v2\/media?parent=45232"}],"wp:term":[{"taxonomy":"product_cat","embeddable":true,"href":"https:\/\/congotranding.wortispay.cg\/index.php\/wp-json\/wp\/v2\/product_cat?post=45232"},{"taxonomy":"product_tag","embeddable":true,"href":"https:\/\/congotranding.wortispay.cg\/index.php\/wp-json\/wp\/v2\/product_tag?post=45232"}],"curies":[{"name":"wp","href":"https:\/\/api.w.org\/{rel}","templated":true}]}}